{"id":6168,"date":"2019-11-21T12:03:42","date_gmt":"2019-11-21T12:03:42","guid":{"rendered":"http:\/\/consulting.stylemixthemes.com\/demo\/?page_id=6168"},"modified":"2023-10-17T09:55:26","modified_gmt":"2023-10-17T12:55:26","slug":"faq","status":"publish","type":"page","link":"https:\/\/squadlab.com.br\/index.php\/faq\/","title":{"rendered":"FAQ"},"content":{"rendered":"\t\t<div data-elementor-type=\"wp-page\" data-elementor-id=\"6168\" class=\"elementor elementor-6168\" data-elementor-post-type=\"page\">\n\t\t\t\t\t\t<section class=\"elementor-section elementor-top-section elementor-element elementor-element-2361b3a elementor-section-boxed elementor-section-height-default elementor-section-height-default\" data-id=\"2361b3a\" data-element_type=\"section\">\n\t\t\t\t\t\t<div class=\"elementor-container elementor-column-gap-default\">\n\t\t\t\t\t<div class=\"elementor-column elementor-col-100 elementor-top-column elementor-element elementor-element-2361fc8\" data-id=\"2361fc8\" data-element_type=\"column\">\n\t\t\t<div class=\"elementor-widget-wrap elementor-element-populated\">\n\t\t\t\t\t\t<div class=\"elementor-element elementor-element-236238c elementor-widget elementor-widget-vc_custom_heading\" data-id=\"236238c\" data-element_type=\"widget\" data-widget_type=\"vc_custom_heading.default\">\n\t\t\t\t<div class=\"elementor-widget-container\">\n\t\t\t\t\t<div class=\" vc_custom_heading  consulting_heading_font  text_align_left\" ><h2 style=\"text-align: left;font-weight:700\" class=\"consulting-custom-title\">FAQ<\/h2><\/div>\t\t\t\t<\/div>\n\t\t\t\t<\/div>\n\t\t\t\t\t<\/div>\n\t\t<\/div>\n\t\t\t\t\t<\/div>\n\t\t<\/section>\n\t\t\t\t<section class=\"elementor-section elementor-top-section elementor-element elementor-element-236265a elementor-section-boxed elementor-section-height-default elementor-section-height-default\" data-id=\"236265a\" data-element_type=\"section\">\n\t\t\t\t\t\t<div class=\"elementor-container elementor-column-gap-default\">\n\t\t\t\t\t<div class=\"elementor-column elementor-col-100 elementor-top-column elementor-element elementor-element-2362af1\" data-id=\"2362af1\" data-element_type=\"column\">\n\t\t\t<div class=\"elementor-widget-wrap elementor-element-populated\">\n\t\t\t\t\t\t<div class=\"elementor-element elementor-element-9cdcae0 elementor-widget elementor-widget-toggle\" data-id=\"9cdcae0\" data-element_type=\"widget\" data-widget_type=\"toggle.default\">\n\t\t\t\t<div class=\"elementor-widget-container\">\n\t\t\t\t\t\t\t<div class=\"elementor-toggle\">\n\t\t\t\t\t\t\t<div class=\"elementor-toggle-item\">\n\t\t\t\t\t<h5 id=\"elementor-tab-title-1641\" class=\"elementor-tab-title\" data-tab=\"1\" role=\"button\" aria-controls=\"elementor-tab-content-1641\" aria-expanded=\"false\">\n\t\t\t\t\t\t\t\t\t\t\t\t<a class=\"elementor-toggle-title\" tabindex=\"0\">Porque contratar a Squadlab<\/a>\n\t\t\t\t\t<\/h5>\n\n\t\t\t\t\t<div id=\"elementor-tab-content-1641\" class=\"elementor-tab-content elementor-clearfix\" data-tab=\"1\" role=\"region\" aria-labelledby=\"elementor-tab-title-1641\"><p>Contratar a Squadlab Assessoria de marketing digital \u00e9 a forma mais r\u00e1pida e eficiente para atingir os objetivos de marketing da sua empresa. Nosso time de especialistas est\u00e1 apto a transformar os resultados da sua empresa, entendendo o seu neg\u00f3cio e estabelecendo metas e indicadores chave de performance (KPI\u2019s) para alcan\u00e7ar os objetivos estrat\u00e9gicos previamente estabelecidos, monitorando e ajustando continuamente as campanhas e or\u00e7amentos de acordo com os melhores resultados obtidos.<\/p>\n<\/div>\n\t\t\t\t<\/div>\n\t\t\t\t\t\t\t<div class=\"elementor-toggle-item\">\n\t\t\t\t\t<h5 id=\"elementor-tab-title-1642\" class=\"elementor-tab-title\" data-tab=\"2\" role=\"button\" aria-controls=\"elementor-tab-content-1642\" aria-expanded=\"false\">\n\t\t\t\t\t\t\t\t\t\t\t\t<a class=\"elementor-toggle-title\" tabindex=\"0\">Diferenciais da Squadlab Assessoria de Marketing Digital?<\/a>\n\t\t\t\t\t<\/h5>\n\n\t\t\t\t\t<div id=\"elementor-tab-content-1642\" class=\"elementor-tab-content elementor-clearfix\" data-tab=\"2\" role=\"region\" aria-labelledby=\"elementor-tab-title-1642\"><div class=\"card\">\n<div id=\"collapseTwo\" class=\"collapse show\" role=\"tabpanel\" aria-labelledby=\"headingTwo\" data-parent=\"#accordionEx\">\n<div class=\"card-body\">A Squadlab \u00e9 uma Assessoria de marketing digital formada por profissionais de marketing e publicidade e que atua no ambiente digital, garantindo vantagem competitiva na internet para seus clientes, utilizando uma metodologia pr\u00f3pria e que segue as boas pr\u00e1ticas e diretrizes das melhores ferramentas para an\u00fancios e campanhas online, monitorando resultados e sugerindo melhorias de forma proativa para uma constante evolu\u00e7\u00e3o na performance das campanhas.<\/div>\n<\/div>\n<\/div>\n<div class=\"card\">\n<div id=\"headingThree\" class=\"card-header\" role=\"tab\">\u00a0<\/div>\n<\/div>\n<\/div>\n\t\t\t\t<\/div>\n\t\t\t\t\t\t\t<div class=\"elementor-toggle-item\">\n\t\t\t\t\t<h5 id=\"elementor-tab-title-1643\" class=\"elementor-tab-title\" data-tab=\"3\" role=\"button\" aria-controls=\"elementor-tab-content-1643\" aria-expanded=\"false\">\n\t\t\t\t\t\t\t\t\t\t\t\t<a class=\"elementor-toggle-title\" tabindex=\"0\">Como Escolher uma Assessoria de Marketing Digital?<\/a>\n\t\t\t\t\t<\/h5>\n\n\t\t\t\t\t<div id=\"elementor-tab-content-1643\" class=\"elementor-tab-content elementor-clearfix\" data-tab=\"3\" role=\"region\" aria-labelledby=\"elementor-tab-title-1643\"><div class=\"card\">\n<div id=\"collapseTwo\" class=\"collapse show\" role=\"tabpanel\" aria-labelledby=\"headingTwo\" data-parent=\"#accordionEx\">\n<div class=\"card-body\">As principais dicas na hora de escolher uma ag\u00eancia ou Assessoria de marketing digital s\u00e3o: pesquisar a reputa\u00e7\u00e3o, ler avalia\u00e7\u00f5es e coment\u00e1rios de clientes, ver os cases de sucesso no seu segmento de atua\u00e7\u00e3o, avaliar a qualidade do site da ag\u00eancia, tempo de resposta nas solicita\u00e7\u00f5es de or\u00e7amento e a qualidade do atendimento prestado e sempre fazer reuni\u00e3o com os respons\u00e1veis para avaliar a capacidade de entendimento do seu neg\u00f3cio, seus objetivos de marketing e estrat\u00e9gias sugeridas de acordo com a verba dispon\u00edvel para o investimento (or\u00e7amento), para ent\u00e3o avaliar a proposta comercial.<\/div>\n<\/div>\n<\/div>\n<\/div>\n\t\t\t\t<\/div>\n\t\t\t\t\t\t\t<div class=\"elementor-toggle-item\">\n\t\t\t\t\t<h5 id=\"elementor-tab-title-1644\" class=\"elementor-tab-title\" data-tab=\"4\" role=\"button\" aria-controls=\"elementor-tab-content-1644\" aria-expanded=\"false\">\n\t\t\t\t\t\t\t\t\t\t\t\t<a class=\"elementor-toggle-title\" tabindex=\"0\">Vantagens de Contratar uma Assessoria de Performance? <\/a>\n\t\t\t\t\t<\/h5>\n\n\t\t\t\t\t<div id=\"elementor-tab-content-1644\" class=\"elementor-tab-content elementor-clearfix\" data-tab=\"4\" role=\"region\" aria-labelledby=\"elementor-tab-title-1644\"><p>O mercado est\u00e1 cada vez mais acirrado e competitivo para as empresas e ind\u00fastrias dos mais diversos segmentos, portanto contratar uma Assessoria de marketing digital de performance pode ser o diferencial competitivo para sua empresa frente aos seus concorrentes. Primeira vantagem \u00e9 a economia de tempo e dinheiro. Uma Assessoria com anos de mercado e uma equipe de profissionais especializados com certeza ir\u00e1 trazer um resultado muito superior com a mesma verba, al\u00e9m de acelerar a cultura de marketing digital e as melhores pr\u00e1ticas, tendo acesso a an\u00e1lises de dados, ferramentas de alta performance e estrat\u00e9gias que comprovadamente funcionam melhor, conseguindo obter resultados melhores com suas novas campanhas e consequente aumento no faturamento.<\/p>\n<\/div>\n\t\t\t\t<\/div>\n\t\t\t\t\t\t\t\t<\/div>\n\t\t\t\t\t\t<\/div>\n\t\t\t\t<\/div>\n\t\t\t\t\t<\/div>\n\t\t<\/div>\n\t\t\t\t<div class=\"elementor-column elementor-col-100 elementor-top-column elementor-element elementor-element-23688a4\" data-id=\"23688a4\" data-element_type=\"column\" data-settings=\"{&quot;background_background&quot;:&quot;classic&quot;}\">\n\t\t\t<div class=\"elementor-widget-wrap elementor-element-populated\">\n\t\t\t\t\t\t<section class=\"elementor-section elementor-top-section elementor-element elementor-element-2368cde third_bg_color elementor-section-boxed elementor-section-height-default elementor-section-height-default\" data-id=\"2368cde\" data-element_type=\"section\" data-settings=\"{&quot;background_background&quot;:&quot;classic&quot;}\">\n\t\t\t\t\t\t<div class=\"elementor-container elementor-column-gap-default\">\n\t\t\t\t\t<div class=\"elementor-column elementor-col-100 elementor-top-column elementor-element elementor-element-236913f third_bg_color\" data-id=\"236913f\" data-element_type=\"column\" data-settings=\"{&quot;background_background&quot;:&quot;classic&quot;}\">\n\t\t\t<div class=\"elementor-widget-wrap elementor-element-populated\">\n\t\t\t\t\t\t<div class=\"elementor-element elementor-element-2369528 elementor-widget elementor-widget-vc_custom_heading\" data-id=\"2369528\" data-element_type=\"widget\" data-widget_type=\"vc_custom_heading.default\">\n\t\t\t\t<div class=\"elementor-widget-container\">\n\t\t\t\t\t<div class=\" vc_custom_heading remove_padding consulting_heading_font  text_align_left title_no_stripe\" ><h4 style=\"text-align: left;font-weight:700\" class=\"consulting-custom-title\">Entre em contato conosco hoje mesmo\n<\/h4><\/div>\t\t\t\t<\/div>\n\t\t\t\t<\/div>\n\t\t\t\t<div class=\"elementor-element elementor-element-236970d elementor-widget elementor-widget-text-editor\" data-id=\"236970d\" data-element_type=\"widget\" data-widget_type=\"text-editor.default\">\n\t\t\t\t<div class=\"elementor-widget-container\">\n\t\t\t\t\t\t\t\t\t<p><span style=\"color: #ffffff;\"><strong>Descubra como podemos ajud\u00e1-lo a alcan\u00e7ar seus objetivos online.<\/strong><\/span><\/p>\n\t\t\t\t\t\t\t\t<\/div>\n\t\t\t\t<\/div>\n\t\t\t\t<div class=\"elementor-element elementor-element-2369954 elementor-widget__width-auto elementor-align-center elementor-widget elementor-widget-button\" data-id=\"2369954\" data-element_type=\"widget\" data-widget_type=\"button.default\">\n\t\t\t\t<div class=\"elementor-widget-container\">\n\t\t\t\t\t\t\t\t\t<div class=\"elementor-button-wrapper icon_align_  \">\n\t\t\t\t\t<a class=\"elementor-button elementor-button-link elementor-size-md\" href=\"https:\/\/api.whatsapp.com\/send\/?phone=558001261000&#038;text&#038;type=phone_number&#038;app_absent=0\">\n\t\t\t\t\t\t<span class=\"elementor-button-content-wrapper\">\n\t\t\t\t\t\t<span class=\"elementor-button-icon\">\n\t\t\t\t<i aria-hidden=\"true\" class=\"fab fa-whatsapp\"><\/i>\t\t\t<\/span>\n\t\t\t\t\t\t\t\t\t<span class=\"elementor-button-text\">Entre em contato<\/span>\n\t\t\t\t\t<\/span>\n\t\t\t\t\t<\/a>\n\t\t\t\t<\/div>\n\t\t\t\t\t\t\t\t<\/div>\n\t\t\t\t<\/div>\n\t\t\t\t\t<\/div>\n\t\t<\/div>\n\t\t\t\t\t<\/div>\n\t\t<\/section>\n\t\t\t\t\t<\/div>\n\t\t<\/div>\n\t\t\t\t\t<\/div>\n\t\t<\/section>\n\t\t\t\t<\/div>\n\t\t","protected":false},"excerpt":{"rendered":"<p>FAQ Porque contratar a Squadlab Contratar a Squadlab Assessoria de marketing digital \u00e9 a forma mais r\u00e1pida e eficiente para atingir os objetivos de marketing da sua empresa. Nosso time de especialistas est\u00e1 apto a transformar os resultados da sua empresa, entendendo o seu neg\u00f3cio e estabelecendo metas e indicadores chave de performance (KPI\u2019s) para<\/p>\n","protected":false},"author":1,"featured_media":0,"parent":0,"menu_order":0,"comment_status":"closed","ping_status":"closed","template":"","meta":{"footnotes":""},"class_list":["post-6168","page","type-page","status-publish","hentry"],"yoast_head":"<!-- This site is optimized with the Yoast SEO Premium plugin v22.3 (Yoast SEO v22.3) - https:\/\/yoast.com\/wordpress\/plugins\/seo\/ -->\n<title>FAQ - SquadLab Assessoria de Marketing e Vendas<\/title>\n<meta name=\"robots\" content=\"index, follow, max-snippet:-1, max-image-preview:large, max-video-preview:-1\" \/>\n<link rel=\"canonical\" href=\"https:\/\/squadlab.com.br\/index.php\/faq\/\" \/>\n<meta property=\"og:locale\" content=\"en_US\" \/>\n<meta property=\"og:type\" content=\"article\" \/>\n<meta property=\"og:title\" content=\"FAQ\" \/>\n<meta property=\"og:description\" content=\"FAQ Porque contratar a Squadlab Contratar a Squadlab Assessoria de marketing digital \u00e9 a forma mais r\u00e1pida e eficiente para atingir os objetivos de marketing da sua empresa. Nosso time de especialistas est\u00e1 apto a transformar os resultados da sua empresa, entendendo o seu neg\u00f3cio e estabelecendo metas e indicadores chave de performance (KPI\u2019s) para\" \/>\n<meta property=\"og:url\" content=\"https:\/\/squadlab.com.br\/index.php\/faq\/\" \/>\n<meta property=\"og:site_name\" content=\"SquadLab Assessoria de Marketing e Vendas\" \/>\n<meta property=\"article:publisher\" content=\"https:\/\/www.facebook.com\/squadlabs\" \/>\n<meta property=\"article:modified_time\" content=\"2023-10-17T12:55:26+00:00\" \/>\n<meta property=\"og:image\" content=\"https:\/\/squadlab.com.br\/wp-content\/uploads\/2023\/09\/MicrosoftTeams-image.png\" \/>\n\t<meta property=\"og:image:width\" content=\"500\" \/>\n\t<meta property=\"og:image:height\" content=\"500\" \/>\n\t<meta property=\"og:image:type\" content=\"image\/png\" \/>\n<meta name=\"twitter:card\" content=\"summary_large_image\" \/>\n<meta name=\"twitter:label1\" content=\"Est. reading time\" \/>\n\t<meta name=\"twitter:data1\" content=\"3 minutes\" \/>\n<script type=\"application\/ld+json\" class=\"yoast-schema-graph\">{\"@context\":\"https:\/\/schema.org\",\"@graph\":[{\"@type\":\"WebPage\",\"@id\":\"https:\/\/squadlab.com.br\/index.php\/faq\/\",\"url\":\"https:\/\/squadlab.com.br\/index.php\/faq\/\",\"name\":\"FAQ - SquadLab Assessoria de Marketing e Vendas\",\"isPartOf\":{\"@id\":\"https:\/\/squadlab.com.br\/#website\"},\"datePublished\":\"2019-11-21T12:03:42+00:00\",\"dateModified\":\"2023-10-17T12:55:26+00:00\",\"breadcrumb\":{\"@id\":\"https:\/\/squadlab.com.br\/index.php\/faq\/#breadcrumb\"},\"inLanguage\":\"en-US\",\"potentialAction\":[{\"@type\":\"ReadAction\",\"target\":[\"https:\/\/squadlab.com.br\/index.php\/faq\/\"]}]},{\"@type\":\"BreadcrumbList\",\"@id\":\"https:\/\/squadlab.com.br\/index.php\/faq\/#breadcrumb\",\"itemListElement\":[{\"@type\":\"ListItem\",\"position\":1,\"name\":\"In\u00edcio\",\"item\":\"https:\/\/squadlab.com.br\/\"},{\"@type\":\"ListItem\",\"position\":2,\"name\":\"FAQ\"}]},{\"@type\":\"WebSite\",\"@id\":\"https:\/\/squadlab.com.br\/#website\",\"url\":\"https:\/\/squadlab.com.br\/\",\"name\":\"SquadLab Assessoria de Marketing e Vendas\",\"description\":\"SquadLab Assessoria de Marketing e Vendas\",\"publisher\":{\"@id\":\"https:\/\/squadlab.com.br\/#organization\"},\"alternateName\":\"Squadlab Marketing Digital\",\"potentialAction\":[{\"@type\":\"SearchAction\",\"target\":{\"@type\":\"EntryPoint\",\"urlTemplate\":\"https:\/\/squadlab.com.br\/?s={search_term_string}\"},\"query-input\":\"required name=search_term_string\"}],\"inLanguage\":\"en-US\"},{\"@type\":[\"Organization\",\"Place\"],\"@id\":\"https:\/\/squadlab.com.br\/#organization\",\"name\":\"Squadlab\",\"alternateName\":\"Squadlab - Assessoria de Marketing e Vendas\",\"url\":\"https:\/\/squadlab.com.br\/\",\"logo\":{\"@id\":\"https:\/\/squadlab.com.br\/index.php\/faq\/#local-main-organization-logo\"},\"image\":{\"@id\":\"https:\/\/squadlab.com.br\/index.php\/faq\/#local-main-organization-logo\"},\"sameAs\":[\"https:\/\/www.facebook.com\/squadlabs\",\"https:\/\/www.linkedin.com\/company\/squadlabdigital\",\"https:\/\/www.instagram.com\/squadlabs\/\",\"https:\/\/www.youtube.com\/@squadlabdigital5838\"],\"openingHoursSpecification\":[{\"@type\":\"OpeningHoursSpecification\",\"dayOfWeek\":[\"Sunday\",\"Monday\",\"Tuesday\",\"Wednesday\",\"Thursday\",\"Friday\",\"Saturday\"],\"opens\":\"09:00\",\"closes\":\"17:00\"}]},{\"@type\":\"ImageObject\",\"inLanguage\":\"en-US\",\"@id\":\"https:\/\/squadlab.com.br\/index.php\/faq\/#local-main-organization-logo\",\"url\":\"https:\/\/squadlab.com.br\/wp-content\/uploads\/2023\/09\/Logo-Aplicacao-01.png\",\"contentUrl\":\"https:\/\/squadlab.com.br\/wp-content\/uploads\/2023\/09\/Logo-Aplicacao-01.png\",\"width\":300,\"height\":100,\"caption\":\"Squadlab\"}]}<\/script>\n<!-- \/ Yoast SEO Premium plugin. -->","yoast_head_json":{"title":"FAQ - SquadLab Assessoria de Marketing e Vendas","robots":{"index":"index","follow":"follow","max-snippet":"max-snippet:-1","max-image-preview":"max-image-preview:large","max-video-preview":"max-video-preview:-1"},"canonical":"https:\/\/squadlab.com.br\/index.php\/faq\/","og_locale":"en_US","og_type":"article","og_title":"FAQ","og_description":"FAQ Porque contratar a Squadlab Contratar a Squadlab Assessoria de marketing digital \u00e9 a forma mais r\u00e1pida e eficiente para atingir os objetivos de marketing da sua empresa. Nosso time de especialistas est\u00e1 apto a transformar os resultados da sua empresa, entendendo o seu neg\u00f3cio e estabelecendo metas e indicadores chave de performance (KPI\u2019s) para","og_url":"https:\/\/squadlab.com.br\/index.php\/faq\/","og_site_name":"SquadLab Assessoria de Marketing e Vendas","article_publisher":"https:\/\/www.facebook.com\/squadlabs","article_modified_time":"2023-10-17T12:55:26+00:00","og_image":[{"width":500,"height":500,"url":"https:\/\/squadlab.com.br\/wp-content\/uploads\/2023\/09\/MicrosoftTeams-image.png","type":"image\/png"}],"twitter_card":"summary_large_image","twitter_misc":{"Est. reading time":"3 minutes"},"schema":{"@context":"https:\/\/schema.org","@graph":[{"@type":"WebPage","@id":"https:\/\/squadlab.com.br\/index.php\/faq\/","url":"https:\/\/squadlab.com.br\/index.php\/faq\/","name":"FAQ - SquadLab Assessoria de Marketing e Vendas","isPartOf":{"@id":"https:\/\/squadlab.com.br\/#website"},"datePublished":"2019-11-21T12:03:42+00:00","dateModified":"2023-10-17T12:55:26+00:00","breadcrumb":{"@id":"https:\/\/squadlab.com.br\/index.php\/faq\/#breadcrumb"},"inLanguage":"en-US","potentialAction":[{"@type":"ReadAction","target":["https:\/\/squadlab.com.br\/index.php\/faq\/"]}]},{"@type":"BreadcrumbList","@id":"https:\/\/squadlab.com.br\/index.php\/faq\/#breadcrumb","itemListElement":[{"@type":"ListItem","position":1,"name":"In\u00edcio","item":"https:\/\/squadlab.com.br\/"},{"@type":"ListItem","position":2,"name":"FAQ"}]},{"@type":"WebSite","@id":"https:\/\/squadlab.com.br\/#website","url":"https:\/\/squadlab.com.br\/","name":"SquadLab Assessoria de Marketing e Vendas","description":"SquadLab Assessoria de Marketing e Vendas","publisher":{"@id":"https:\/\/squadlab.com.br\/#organization"},"alternateName":"Squadlab Marketing Digital","potentialAction":[{"@type":"SearchAction","target":{"@type":"EntryPoint","urlTemplate":"https:\/\/squadlab.com.br\/?s={search_term_string}"},"query-input":"required name=search_term_string"}],"inLanguage":"en-US"},{"@type":["Organization","Place"],"@id":"https:\/\/squadlab.com.br\/#organization","name":"Squadlab","alternateName":"Squadlab - Assessoria de Marketing e Vendas","url":"https:\/\/squadlab.com.br\/","logo":{"@id":"https:\/\/squadlab.com.br\/index.php\/faq\/#local-main-organization-logo"},"image":{"@id":"https:\/\/squadlab.com.br\/index.php\/faq\/#local-main-organization-logo"},"sameAs":["https:\/\/www.facebook.com\/squadlabs","https:\/\/www.linkedin.com\/company\/squadlabdigital","https:\/\/www.instagram.com\/squadlabs\/","https:\/\/www.youtube.com\/@squadlabdigital5838"],"openingHoursSpecification":[{"@type":"OpeningHoursSpecification","dayOfWeek":["Sunday","Monday","Tuesday","Wednesday","Thursday","Friday","Saturday"],"opens":"09:00","closes":"17:00"}]},{"@type":"ImageObject","inLanguage":"en-US","@id":"https:\/\/squadlab.com.br\/index.php\/faq\/#local-main-organization-logo","url":"https:\/\/squadlab.com.br\/wp-content\/uploads\/2023\/09\/Logo-Aplicacao-01.png","contentUrl":"https:\/\/squadlab.com.br\/wp-content\/uploads\/2023\/09\/Logo-Aplicacao-01.png","width":300,"height":100,"caption":"Squadlab"}]}},"_links":{"self":[{"href":"https:\/\/squadlab.com.br\/index.php\/wp-json\/wp\/v2\/pages\/6168","targetHints":{"allow":["GET"]}}],"collection":[{"href":"https:\/\/squadlab.com.br\/index.php\/wp-json\/wp\/v2\/pages"}],"about":[{"href":"https:\/\/squadlab.com.br\/index.php\/wp-json\/wp\/v2\/types\/page"}],"author":[{"embeddable":true,"href":"https:\/\/squadlab.com.br\/index.php\/wp-json\/wp\/v2\/users\/1"}],"replies":[{"embeddable":true,"href":"https:\/\/squadlab.com.br\/index.php\/wp-json\/wp\/v2\/comments?post=6168"}],"version-history":[{"count":7,"href":"https:\/\/squadlab.com.br\/index.php\/wp-json\/wp\/v2\/pages\/6168\/revisions"}],"predecessor-version":[{"id":8583,"href":"https:\/\/squadlab.com.br\/index.php\/wp-json\/wp\/v2\/pages\/6168\/revisions\/8583"}],"wp:attachment":[{"href":"https:\/\/squadlab.com.br\/index.php\/wp-json\/wp\/v2\/media?parent=6168"}],"curies":[{"name":"wp","href":"https:\/\/api.w.org\/{rel}","templated":true}]}}